{"id":133,"date":"2026-03-19T08:32:50","date_gmt":"2026-03-19T07:32:50","guid":{"rendered":"https:\/\/ddwit.com\/strona-glowna\/"},"modified":"2026-03-19T08:32:50","modified_gmt":"2026-03-19T07:32:50","slug":"strona-glowna","status":"publish","type":"page","link":"https:\/\/ddwit.com\/pl\/","title":{"rendered":"Strona G\u0142\u00f3wna"},"content":{"rendered":"<h1>Witamy na ddwit.com<\/h1>\n<p>Profesjonalna prezentacja naszej s\u0142u\u017cby. Zapraszamy do zapoznania si\u0119 z nasz\u0105 misj\u0105, wydarzeniami i ofert\u0105.<\/p>\n<p><em>Otw\u00f3rz t\u0119 stron\u0119 w Divi Builder, aby zaprojektowa\u0107 profesjonalny uk\u0142ad.<\/em><\/p>","protected":false},"excerpt":{"rendered":"<p>Witamy na ddwit.com Profesjonalna prezentacja naszej s\u0142u\u017cby. Zapraszamy do zapoznania si\u0119 z nasz\u0105 misj\u0105, wydarzeniami i ofert\u0105. Otw\u00f3rz t\u0119 stron\u0119 w Divi Builder, aby zaprojektowa\u0107 profesjonalny layout.<\/p>","protected":false},"author":1,"featured_media":0,"parent":0,"menu_order":0,"comment_status":"closed","ping_status":"closed","template":"","meta":{"footnotes":""},"class_list":["post-133","page","type-page","status-publish","hentry"],"_links":{"self":[{"href":"https:\/\/ddwit.com\/pl\/wp-json\/wp\/v2\/pages\/133","targetHints":{"allow":["GET"]}}],"collection":[{"href":"https:\/\/ddwit.com\/pl\/wp-json\/wp\/v2\/pages"}],"about":[{"href":"https:\/\/ddwit.com\/pl\/wp-json\/wp\/v2\/types\/page"}],"author":[{"embeddable":true,"href":"https:\/\/ddwit.com\/pl\/wp-json\/wp\/v2\/users\/1"}],"replies":[{"embeddable":true,"href":"https:\/\/ddwit.com\/pl\/wp-json\/wp\/v2\/comments?post=133"}],"version-history":[{"count":0,"href":"https:\/\/ddwit.com\/pl\/wp-json\/wp\/v2\/pages\/133\/revisions"}],"wp:attachment":[{"href":"https:\/\/ddwit.com\/pl\/wp-json\/wp\/v2\/media?parent=133"}],"curies":[{"name":"wp","href":"https:\/\/api.w.org\/{rel}","templated":true}]}}