{"id":58,"date":"2025-10-24T04:23:16","date_gmt":"2025-10-24T02:23:16","guid":{"rendered":"https:\/\/ddwit.com\/?page_id=58"},"modified":"2025-10-24T05:06:08","modified_gmt":"2025-10-24T03:06:08","slug":"about-us","status":"publish","type":"page","link":"https:\/\/ddwit.com\/pl\/about-us\/","title":{"rendered":"O nas"},"content":{"rendered":"<p><div class=\"et_d4_element et_pb_section et_pb_section_0  et_pb_css_mix_blend_mode et_section_regular et_block_section\" >\n\t\t\t\t\n\t\t\t\t\n\t\t\t\t\n\t\t\t\t\n\t\t\t\t\n\t\t\t\t\n\t\t\t\t<div class=\"et_d4_element et_pb_row et_pb_row_0  et_pb_css_mix_blend_mode et_block_row\">\n\t\t\t\t<div class=\"et_d4_element et_pb_column_4_4 et_pb_column et_pb_column_0  et_pb_css_mix_blend_mode et-last-child et_block_column\">\n\t\t\t\t\n\t\t\t\t\n\t\t\t\t\n\t\t\t\t\n\t\t\t\t<div class=\"et_pb_module et_d4_element et_pb_image et_pb_image_0\">\n\t\t\t\t\n\t\t\t\t\n\t\t\t\t\n\t\t\t\t\n\t\t\t\t<span class=\"et_pb_image_wrap\"><img loading=\"lazy\" decoding=\"async\" width=\"1024\" height=\"113\" src=\"https:\/\/ddwit.com\/wp-content\/uploads\/2025\/10\/dominika-dariusz-wit-logo-english.png\" alt=\"\" title=\"dominika-dariusz-wit-logo-angielski\" srcset=\"https:\/\/ddwit.com\/wp-content\/uploads\/2025\/10\/dominika-dariusz-wit-logo-english.png 1024w, https:\/\/ddwit.com\/wp-content\/uploads\/2025\/10\/dominika-dariusz-wit-logo-english-980x108.png 980w, https:\/\/ddwit.com\/wp-content\/uploads\/2025\/10\/dominika-dariusz-wit-logo-english-480x53.png 480w\" sizes=\"(min-width: 0px) and (max-width: 480px) 480px, (min-width: 481px) and (max-width: 980px) 980px, (min-width: 981px) 1024px, 100vw\" class=\"wp-image-76\" \/><\/span>\n\t\t\t<\/div>\n\t\t\t<\/div>\n\t\t\t\t\n\t\t\t\t\n\t\t\t\t\n\t\t\t\t\n\t\t\t<\/div><div class=\"et_d4_element et_pb_row et_pb_row_1 et_pb_equal_columns  et_pb_css_mix_blend_mode et_block_row\">\n\t\t\t\t<div class=\"et_d4_element et_pb_column_2_5 et_pb_column et_pb_column_1  et_pb_css_mix_blend_mode et_block_column\">\n\t\t\t\t\n\t\t\t\t\n\t\t\t\t\n\t\t\t\t\n\t\t\t\t<div class=\"et_pb_module et_d4_element et_pb_image et_pb_image_1\">\n\t\t\t\t\n\t\t\t\t\n\t\t\t\t\n\t\t\t\t\n\t\t\t\t<span class=\"et_pb_image_wrap\"><img loading=\"lazy\" decoding=\"async\" width=\"1024\" height=\"1024\" src=\"https:\/\/ddwit.com\/wp-content\/uploads\/2025\/10\/dominika-dariusz-wit-1.webp\" alt=\"\" title=\"dominika-dariusz-wit\" srcset=\"https:\/\/ddwit.com\/wp-content\/uploads\/2025\/10\/dominika-dariusz-wit-1.webp 1024w, https:\/\/ddwit.com\/wp-content\/uploads\/2025\/10\/dominika-dariusz-wit-1-980x980.webp 980w, https:\/\/ddwit.com\/wp-content\/uploads\/2025\/10\/dominika-dariusz-wit-1-480x480.webp 480w\" sizes=\"(min-width: 0px) and (max-width: 480px) 480px, (min-width: 481px) and (max-width: 980px) 980px, (min-width: 981px) 1024px, 100vw\" class=\"wp-image-73\" \/><\/span>\n\t\t\t<\/div>\n\t\t\t<\/div><div class=\"et_d4_element et_pb_column_3_5 et_pb_column et_pb_column_2  et_pb_css_mix_blend_mode et-last-child et_block_column\">\n\t\t\t\t\n\t\t\t\t\n\t\t\t\t\n\t\t\t\t\n\t\t\t\t<div class=\"et_pb_module et_d4_element et_pb_text et_pb_text_0  et_pb_text_align_center et_pb_bg_layout_light\">\n\t\t\t\t\n\t\t\t\t\n\t\t\t\t\n\t\t\t\t\n\t\t\t\t<div class=\"et_pb_text_inner\"><p>Jezus Chrystus umar\u0142 jako okup, aby\u015bmy mogli \u017cy\u0107 z Bogiem jako Jego dzieci; dlatego pragniemy \u017cy\u0107 i s\u0142u\u017cy\u0107, aby przynosi\u0107 Mu chwa\u0142\u0119 i prowadzi\u0107 innych do naszego Zbawiciela.<\/p><\/div>\n\t\t\t<\/div>\n\t\t\t<\/div>\n\t\t\t\t\n\t\t\t\t\n\t\t\t\t\n\t\t\t\t\n\t\t\t<\/div>\n\t\t\t\t\n\t\t\t\t\n\t\t\t<\/div><div class=\"et_d4_element et_pb_section et_pb_section_1 et_pb_with_background  et_pb_css_mix_blend_mode et_section_regular et_block_section\" >\n\t\t\t\t\n\t\t\t\t\n\t\t\t\t\n\t\t\t\t\n\t\t\t\t\n\t\t\t\t\n\t\t\t\t<div class=\"et_d4_element et_pb_row et_pb_row_2  et_pb_css_mix_blend_mode et_block_row\">\n\t\t\t\t<div class=\"et_d4_element et_pb_column_4_4 et_pb_column et_pb_column_3  et_pb_css_mix_blend_mode et-last-child et_block_column\">\n\t\t\t\t\n\t\t\t\t\n\t\t\t\t\n\t\t\t\t\n\t\t\t\t<div class=\"et_pb_module et_d4_element et_pb_text et_pb_text_1  et_pb_text_align_center et_pb_bg_layout_light\">\n\t\t\t\t\n\t\t\t\t\n\t\t\t\t\n\t\t\t\t\n\t\t\t\t<div class=\"et_pb_text_inner\"><h2>Nasza misja<\/h2><\/div>\n\t\t\t<\/div><div class=\"et_pb_module et_d4_element et_pb_text et_pb_text_2  et_pb_text_align_center et_pb_bg_layout_light\">\n\t\t\t\t\n\t\t\t\t\n\t\t\t\t\n\t\t\t\t\n\t\t\t\t<div class=\"et_pb_text_inner\"><p>Nasz\u0105 misj\u0105 jest kreatywne i pe\u0142ne pasji wspieranie ludzi w odbudowywaniu relacji:<\/p><\/div>\n\t\t\t<\/div>\n\t\t\t<\/div>\n\t\t\t\t\n\t\t\t\t\n\t\t\t\t\n\t\t\t\t\n\t\t\t<\/div><div class=\"et_d4_element et_pb_row et_pb_row_3  et_pb_css_mix_blend_mode et_block_row\">\n\t\t\t\t<div class=\"et_d4_element et_pb_column_1_3 et_pb_column et_pb_column_4  et_pb_css_mix_blend_mode et_block_column\">\n\t\t\t\t\n\t\t\t\t\n\t\t\t\t\n\t\t\t\t\n\t\t\t\t<div class=\"et_pb_module et_d4_element et_pb_text et_pb_text_3  et_pb_text_align_center et_pb_bg_layout_light\">\n\t\t\t\t\n\t\t\t\t\n\t\t\t\t\n\t\t\t\t\n\t\t\t\t<div class=\"et_pb_text_inner\"><h3>Z Jezusem<\/h3><\/div>\n\t\t\t<\/div><div class=\"et_pb_module et_d4_element et_pb_text et_pb_text_4  et_pb_text_align_center et_pb_bg_layout_light\">\n\t\t\t\t\n\t\t\t\t\n\t\t\t\t\n\t\t\t\t\n\t\t\t\t<div class=\"et_pb_text_inner\"><p>odkry\u0107 sw\u00f3j \u017cyciowy cel<\/p><\/div>\n\t\t\t<\/div>\n\t\t\t<\/div><div class=\"et_d4_element et_pb_column_1_3 et_pb_column et_pb_column_5  et_pb_css_mix_blend_mode et_block_column\">\n\t\t\t\t\n\t\t\t\t\n\t\t\t\t\n\t\t\t\t\n\t\t\t\t<div class=\"et_pb_module et_d4_element et_pb_text et_pb_text_5  et_pb_text_align_center et_pb_bg_layout_light\">\n\t\t\t\t\n\t\t\t\t\n\t\t\t\t\n\t\t\t\t\n\t\t\t\t<div class=\"et_pb_text_inner\"><h3>Z innymi<\/h3><\/div>\n\t\t\t<\/div><div class=\"et_pb_module et_d4_element et_pb_text et_pb_text_6  et_pb_text_align_center et_pb_bg_layout_light\">\n\t\t\t\t\n\t\t\t\t\n\t\t\t\t\n\t\t\t\t\n\t\t\t\t<div class=\"et_pb_text_inner\"><p>\u00a0aby nada\u0107 temu celowi znaczenie<\/p><\/div>\n\t\t\t<\/div>\n\t\t\t<\/div><div class=\"et_d4_element et_pb_column_1_3 et_pb_column et_pb_column_6  et_pb_css_mix_blend_mode et-last-child et_block_column\">\n\t\t\t\t\n\t\t\t\t\n\t\t\t\t\n\t\t\t\t\n\t\t\t\t<div class=\"et_pb_module et_d4_element et_pb_text et_pb_text_7  et_pb_text_align_center et_pb_bg_layout_light\">\n\t\t\t\t\n\t\t\t\t\n\t\t\t\t\n\t\t\t\t\n\t\t\t\t<div class=\"et_pb_text_inner\"><h3>Z samym sob\u0105<\/h3><\/div>\n\t\t\t<\/div><div class=\"et_pb_module et_d4_element et_pb_text et_pb_text_8  et_pb_text_align_center et_pb_bg_layout_light\">\n\t\t\t\t\n\t\t\t\t\n\t\t\t\t\n\t\t\t\t\n\t\t\t\t<div class=\"et_pb_text_inner\"><p>mie\u0107 odwag\u0119 do tego d\u0105\u017cy\u0107<\/p><\/div>\n\t\t\t<\/div>\n\t\t\t<\/div>\n\t\t\t\t\n\t\t\t\t\n\t\t\t\t\n\t\t\t\t\n\t\t\t<\/div>\n\t\t\t\t\n\t\t\t\t\n\t\t\t<\/div><div class=\"et_d4_element et_pb_section et_pb_section_2 et_pb_with_background  et_pb_css_mix_blend_mode et_section_regular et_block_section\" >\n\t\t\t\t\n\t\t\t\t\n\t\t\t\t\n\t\t\t\t\n\t\t\t\t\n\t\t\t\t\n\t\t\t\t<div class=\"et_d4_element et_pb_row et_pb_row_4  et_pb_css_mix_blend_mode et_block_row\">\n\t\t\t\t<div class=\"et_d4_element et_pb_column_4_4 et_pb_column et_pb_column_7  et_pb_css_mix_blend_mode et-last-child et_block_column\">\n\t\t\t\t\n\t\t\t\t\n\t\t\t\t\n\t\t\t\t\n\t\t\t\t<div class=\"et_pb_module et_d4_element et_pb_text et_pb_text_9  et_pb_text_align_center et_pb_bg_layout_light\">\n\t\t\t\t\n\t\t\t\t\n\t\t\t\t\n\t\t\t\t\n\t\t\t\t<div class=\"et_pb_text_inner\"><h2>Nasze strategie<\/h2><\/div>\n\t\t\t<\/div><div class=\"et_pb_module et_d4_element et_pb_text et_pb_text_10  et_pb_text_align_center et_pb_bg_layout_light\">\n\t\t\t\t\n\t\t\t\t\n\t\t\t\t\n\t\t\t\t\n\t\t\t\t<div class=\"et_pb_text_inner\"><p style=\"text-align: center;\"><span>Nasza strategia wype\u0142niania tej misji obejmuje cztery g\u0142\u00f3wne obszary dzia\u0142ania, dostosowane do potrzeb wsp\u00f3\u0142czesnych jednostek i spo\u0142eczno\u015bci<\/span><span><\/span><\/p><\/div>\n\t\t\t<\/div><div class=\"et_pb_module et_d4_element et_pb_text et_pb_text_11  et_pb_text_align_center et_pb_bg_layout_light\">\n\t\t\t\t\n\t\t\t\t\n\t\t\t\t\n\t\t\t\t\n\t\t\t\t<div class=\"et_pb_text_inner\"><ol>\n<li style=\"list-style-type: none;\"><b>Budowanie lider\u00f3w<\/b><\/li>\n<li style=\"list-style-type: none;\"><span>Tworzymy przestrze\u0144 dla obecnych i przysz\u0142ych lider\u00f3w, kt\u00f3rzy zainspirowani przyk\u0142adem Jezusa dziel\u0105 si\u0119 swoj\u0105 wiedz\u0105, staj\u0105c si\u0119 mentorami i przewodnikami oraz wspieraj\u0105c innych w ich rozwoju w duchu s\u0142u\u017cby i odpowiedzialno\u015bci.<\/span><span><\/span><\/li>\n<\/ol><\/div>\n\t\t\t<\/div><div class=\"et_pb_module et_d4_element et_pb_text et_pb_text_12  et_pb_text_align_center et_pb_bg_layout_light\">\n\t\t\t\t\n\t\t\t\t\n\t\t\t\t\n\t\t\t\t\n\t\t\t\t<div class=\"et_pb_text_inner\"><p><b>12m - Wsp\u00f3lnota m\u0119\u017cczyzn<\/b><span>\u00a0<\/span><b>oparty na programie 12 krok\u00f3w<\/b><\/p>\n<p><span>Organizujemy spotkania, warsztaty i rekolekcje, kt\u00f3re zapewniaj\u0105 przestrze\u0144 do rozwoju m\u0119\u017cczyzn, dzielenia si\u0119 do\u015bwiadczeniami i wzajemnego wsparcia. Poprzez spotkania online i grupy lokalne budujemy mi\u0119dzynarodow\u0105 spo\u0142eczno\u015b\u0107, kt\u00f3ra staje si\u0119 wsparciem i inspiracj\u0105 dla m\u0119\u017cczyzn w r\u00f3\u017cnych okoliczno\u015bciach \u017cyciowych.<\/span><\/p><\/div>\n\t\t\t<\/div><div class=\"et_pb_module et_d4_element et_pb_text et_pb_text_13  et_pb_text_align_center et_pb_bg_layout_light\">\n\t\t\t\t\n\t\t\t\t\n\t\t\t\t\n\t\t\t\t\n\t\t\t\t<div class=\"et_pb_text_inner\"><p><b>Wsparcie dla os\u00f3b uzale\u017cnionych SMART<\/b><span><br \/><\/span><span>a. Zapewniamy narz\u0119dzia do ochrony urz\u0105dze\u0144 przed szkodliwymi tre\u015bciami, wspieraj\u0105c \u015bwiadome i bezpieczne korzystanie z technologii.<\/span><span><br \/><\/span><span>b. Oferujemy pomoc osobom zmagaj\u0105cym si\u0119 z nadmiernym korzystaniem z technologii poprzez warsztaty, szkolenia i indywidualne konsultacje, kt\u00f3re pomagaj\u0105 przywr\u00f3ci\u0107 zdrowe nawyki cyfrowe i odzyska\u0107 r\u00f3wnowag\u0119 w codziennym \u017cyciu.<\/span><\/p><\/div>\n\t\t\t<\/div><div class=\"et_pb_module et_d4_element et_pb_text et_pb_text_14  et_pb_text_align_center et_pb_bg_layout_light\">\n\t\t\t\t\n\t\t\t\t\n\t\t\t\t\n\t\t\t\t\n\t\t\t\t<div class=\"et_pb_text_inner\"><p><b>Coaching transformacyjny dla rozwoju zawodowego i osobistego<\/b><\/p>\n<p><span>Wspieramy rozw\u00f3j zawodowy i osobisty poprzez coaching, kt\u00f3ry pomaga ludziom odkry\u0107 ich \u017cyciow\u0105 misj\u0119, odkry\u0107 ich unikalne talenty i dostosowa\u0107 si\u0119 do warto\u015bci, kt\u00f3re kieruj\u0105 ich karier\u0105, biznesem i \u017cyciem osobistym. Pomagamy ludziom u\u015bwiadomi\u0107 sobie ograniczaj\u0105ce przekonania i wspieramy ich na drodze do spe\u0142nienia zawodowego i osobistego.<\/span><\/p><\/div>\n\t\t\t<\/div>\n\t\t\t<\/div>\n\t\t\t\t\n\t\t\t\t\n\t\t\t\t\n\t\t\t\t\n\t\t\t<\/div>\n\t\t\t\t\n\t\t\t\t\n\t\t\t<\/div><\/p>","protected":false},"excerpt":{"rendered":"","protected":false},"author":1,"featured_media":0,"parent":0,"menu_order":0,"comment_status":"closed","ping_status":"closed","template":"","meta":{"_et_pb_use_builder":"on","_et_pb_old_content":"","_et_gb_content_width":"","footnotes":""},"class_list":["post-58","page","type-page","status-publish","hentry"],"_links":{"self":[{"href":"https:\/\/ddwit.com\/pl\/wp-json\/wp\/v2\/pages\/58","targetHints":{"allow":["GET"]}}],"collection":[{"href":"https:\/\/ddwit.com\/pl\/wp-json\/wp\/v2\/pages"}],"about":[{"href":"https:\/\/ddwit.com\/pl\/wp-json\/wp\/v2\/types\/page"}],"author":[{"embeddable":true,"href":"https:\/\/ddwit.com\/pl\/wp-json\/wp\/v2\/users\/1"}],"replies":[{"embeddable":true,"href":"https:\/\/ddwit.com\/pl\/wp-json\/wp\/v2\/comments?post=58"}],"version-history":[{"count":16,"href":"https:\/\/ddwit.com\/pl\/wp-json\/wp\/v2\/pages\/58\/revisions"}],"predecessor-version":[{"id":106,"href":"https:\/\/ddwit.com\/pl\/wp-json\/wp\/v2\/pages\/58\/revisions\/106"}],"wp:attachment":[{"href":"https:\/\/ddwit.com\/pl\/wp-json\/wp\/v2\/media?parent=58"}],"curies":[{"name":"wp","href":"https:\/\/api.w.org\/{rel}","templated":true}]}}