{"id":93,"date":"2025-10-24T05:07:17","date_gmt":"2025-10-24T03:07:17","guid":{"rendered":"https:\/\/ddwit.com\/?page_id=93"},"modified":"2025-10-24T05:07:17","modified_gmt":"2025-10-24T03:07:17","slug":"news","status":"publish","type":"page","link":"https:\/\/ddwit.com\/pl\/news\/","title":{"rendered":"Aktualno\u015bci"},"content":{"rendered":"<p><div class=\"et_d4_element et_pb_section et_pb_section_0 et_pb_with_background  et_pb_css_mix_blend_mode et_section_regular et_block_section\" >\n\t\t\t\t\n\t\t\t\t\n\t\t\t\t\n\t\t\t\t\n\t\t\t\t\n\t\t\t\t\n\t\t\t\t<div class=\"et_d4_element et_pb_row et_pb_row_0  et_pb_css_mix_blend_mode et_block_row\">\n\t\t\t\t<div class=\"et_d4_element et_pb_column_4_4 et_pb_column et_pb_column_0  et_pb_css_mix_blend_mode et-last-child et_block_column\">\n\t\t\t\t\n\t\t\t\t\n\t\t\t\t\n\t\t\t\t\n\t\t\t\t<div class=\"et_pb_module et_d4_element et_pb_text et_pb_text_0  et_pb_text_align_left et_pb_bg_layout_light\">\n\t\t\t\t\n\t\t\t\t\n\t\t\t\t\n\t\t\t\t\n\t\t\t\t<div class=\"et_pb_text_inner\"><h1>Blog<\/h1><\/div>\n\t\t\t<\/div><div class=\"et_pb_module et_d4_element et_pb_post_slider et_pb_post_slider_0  et_pb_css_mix_blend_mode et_pb_slider et_pb_post_slider_image_background et_pb_slider_fullwidth_off et_pb_slider_with_overlay\">\n\t\t\t\t\n\t\t\t\t\n\t\t\t\t\n\t\t\t\t\n\t\t\t\t<div class=\"et_pb_slides\">\n\t\t\t\t\t\t\t\t\t<div class=\"et_pb_slide et_pb_slide_with_no_image et_pb_bg_layout_dark et_pb_post_slide-138\"  >\n\t\t\t\t\t\t\t\t\t\t\t\t\t<div class=\"et_pb_slide_overlay_container\"><\/div>\n\t\t\t\t\t\t\t\t<div class=\"et_pb_container clearfix\">\n\t\t\t\t\t<div class=\"et_pb_slider_container_inner\">\n\t\t\t\t\t\t\t\t\t\t\t\t<div class=\"et_pb_slide_description\">\n\t\t\t\t\t\t\t\t\t\t\t\t\t\t\t<h2 class=\"et_pb_slide_title\"><a href=\"https:\/\/ddwit.com\/pl\/pierwsze-wydarzenie\/\">Pierwsze wydarzenie \u2014 inauguracja<\/a><\/h2>\n\t\t\t\t\t\t\t\t<div class=\"et_pb_slide_content\n\t\t\t\t\t\t\t\t\t\t\t\t\t\t\t\t\">\n\t\t\t\t\t\t\t\t\t<div>Relacja z naszego pierwszego wydarzenia. To by\u0142 wyj\u0105tkowy dzie\u0144 pe\u0142en inspiracji i wsp\u00f3lnego dzia\u0142ania.Edytuj ten post, aby doda\u0107 w\u0142a\u015bciw\u0105 tre\u015b\u0107 i zdj\u0119cia.<\/div>\t\t\t\t\t\t\t\t<\/div>\n\t\t\t\t\t\t\t\t\t\t\t\t\t\t<div class=\"et_pb_button_wrapper\"><a class=\"et_pb_button et_pb_more_button\" href=\"https:\/\/ddwit.com\/pl\/pierwsze-wydarzenie\/\">Read More<\/a><\/div>\t\t\t\t\t\t<\/div>\n\t\t\t\t\t\t\t\t\t\t\t<\/div>\n\t\t\t\t<\/div>\n\t\t\t<\/div>\n\t\t\t\t\t\t\t\t<div class=\"et_pb_slide et_pb_slide_with_no_image et_pb_bg_layout_dark et_pb_post_slide-139\"  >\n\t\t\t\t\t\t\t\t\t\t\t\t\t<div class=\"et_pb_slide_overlay_container\"><\/div>\n\t\t\t\t\t\t\t\t<div class=\"et_pb_container clearfix\">\n\t\t\t\t\t<div class=\"et_pb_slider_container_inner\">\n\t\t\t\t\t\t\t\t\t\t\t\t<div class=\"et_pb_slide_description\">\n\t\t\t\t\t\t\t\t\t\t\t\t\t\t\t<h2 class=\"et_pb_slide_title\"><a href=\"https:\/\/ddwit.com\/pl\/spotkanie-swiateczne-2025\/\">Spotkanie \u015bwi\u0105teczne 2025<\/a><\/h2>\n\t\t\t\t\t\t\t\t<div class=\"et_pb_slide_content\n\t\t\t\t\t\t\t\t\t\t\t\t\t\t\t\t\">\n\t\t\t\t\t\t\t\t\t<div>Relacja z naszego \u015bwi\u0105tecznego spotkania. Wsp\u00f3lna wieczerza, kol\u0119dy i czas na refleksj\u0119.Edytuj ten post, aby doda\u0107 w\u0142a\u015bciw\u0105 tre\u015b\u0107 i zdj\u0119cia.<\/div>\t\t\t\t\t\t\t\t<\/div>\n\t\t\t\t\t\t\t\t\t\t\t\t\t\t<div class=\"et_pb_button_wrapper\"><a class=\"et_pb_button et_pb_more_button\" href=\"https:\/\/ddwit.com\/pl\/spotkanie-swiateczne-2025\/\">Read More<\/a><\/div>\t\t\t\t\t\t<\/div>\n\t\t\t\t\t\t\t\t\t\t\t<\/div>\n\t\t\t\t<\/div>\n\t\t\t<\/div>\n\t\t\t\t\t\t\t\t<div class=\"et_pb_slide et_pb_slide_with_no_image et_pb_bg_layout_dark et_pb_post_slide-140\"  >\n\t\t\t\t\t\t\t\t\t\t\t\t\t<div class=\"et_pb_slide_overlay_container\"><\/div>\n\t\t\t\t\t\t\t\t<div class=\"et_pb_container clearfix\">\n\t\t\t\t\t<div class=\"et_pb_slider_container_inner\">\n\t\t\t\t\t\t\t\t\t\t\t\t<div class=\"et_pb_slide_description\">\n\t\t\t\t\t\t\t\t\t\t\t\t\t\t\t<h2 class=\"et_pb_slide_title\"><a href=\"https:\/\/ddwit.com\/pl\/tajne-notatki-spotkanie\/\">Notatki ze spotkania zarz\u0105du \u2014 poufne<\/a><\/h2>\n\t\t\t\t\t\t\t\t<div class=\"et_pb_slide_content\n\t\t\t\t\t\t\t\t\t\t\t\t\t\t\t\t\">\n\t\t\t\t\t\t\t\t\t<div>Protok\u00f3\u0142 spotkania zarz\u0105duTo jest przyk\u0142adowy post tajny \u2014 jego tre\u015b\u0107 jest widoczna tylko po podaniu kodu PIN.Tutaj mog\u0105 znale\u017a\u0107 si\u0119 poufne materia\u0142y, protoko\u0142y, wewn\u0119trzne dokumenty.Nast\u0119pne spotkanie: [data do uzupe\u0142nienia]<\/div>\t\t\t\t\t\t\t\t<\/div>\n\t\t\t\t\t\t\t\t\t\t\t\t\t\t<div class=\"et_pb_button_wrapper\"><a class=\"et_pb_button et_pb_more_button\" href=\"https:\/\/ddwit.com\/pl\/tajne-notatki-spotkanie\/\">Read More<\/a><\/div>\t\t\t\t\t\t<\/div>\n\t\t\t\t\t\t\t\t\t\t\t<\/div>\n\t\t\t\t<\/div>\n\t\t\t<\/div>\n\t\t\t\t\n\t\t\t\t<\/div>\n\t\t\t\t\n\t\t\t<\/div>\n\t\t\t\n\t\t\t<\/div>\n\t\t\t\t\n\t\t\t\t\n\t\t\t\t\n\t\t\t\t\n\t\t\t<\/div><div class=\"et_d4_element et_pb_row et_pb_row_1  et_pb_css_mix_blend_mode et_block_row\">\n\t\t\t\t<div class=\"et_d4_element et_pb_column_1_3 et_pb_column et_pb_column_1  et_pb_css_mix_blend_mode et_block_column\">\n\t\t\t\t\n\t\t\t\t\n\t\t\t\t\n\t\t\t\t\n\t\t\t\t<div class=\"et_pb_with_border et_pb_module et_d4_element et_pb_blog_0  et_pb_css_mix_blend_mode et_pb_blog_grid_wrapper et_pb_bg_layout_light\">\n\t\t\t\t\t<div class=\"et_pb_blog_grid clearfix \">\n\t\t\t\t\t\n\t\t\t\t\t\n\t\t\t\t\t\n\t\t\t\t\t\n\t\t\t\t\t<div class=\"et_pb_ajax_pagination_container\">\n\t\t\t\t\t\t<div class=\"et_pb_salvattore_content\" data-columns>\n\t\t\t<article id=\"post-140\" class=\"et_pb_post clearfix et_pb_no_thumb et_pb_blog_item_0_0 post-140 post type-post status-publish format-standard hentry category-tajne\">\n\n\t\t\t\t\n\t\t\t\t\t\t\t\t\t\t\t\t\t\t<h2 class=\"entry-title\">\n\t\t\t\t\t\t\t\t\t\t\t\t\t<a href=\"https:\/\/ddwit.com\/pl\/tajne-notatki-spotkanie\/\">Notatki ze spotkania zarz\u0105du \u2014 poufne<\/a>\n\t\t\t\t\t\t\t\t\t\t\t<\/h2>\n\t\t\t\t\n\t\t\t\t\t<p class=\"post-meta\"><span class=\"published\">mar 19, 2026<\/span> | <a href=\"https:\/\/ddwit.com\/pl\/category\/tajne\/\" rel=\"tag\">Tajne<\/a><\/p><div class=\"post-content\"><div class=\"post-content-inner\"><p>Protok\u00f3\u0142 spotkania zarz\u0105duTo jest przyk\u0142adowy post tajny \u2014...<\/p>\n<\/div><a href=\"https:\/\/ddwit.com\/pl\/tajne-notatki-spotkanie\/\" class=\"more-link\">read more<\/a><\/div>\t\t\t\n\t\t\t<\/article>\n\t\t\t\t\n\t\t\t<article id=\"post-138\" class=\"et_pb_post clearfix et_pb_no_thumb et_pb_blog_item_0_1 post-138 post type-post status-publish format-standard hentry category-wydarzenia\">\n\n\t\t\t\t\n\t\t\t\t\t\t\t\t\t\t\t\t\t\t<h2 class=\"entry-title\">\n\t\t\t\t\t\t\t\t\t\t\t\t\t<a href=\"https:\/\/ddwit.com\/pl\/pierwsze-wydarzenie\/\">Pierwsze wydarzenie \u2014 inauguracja<\/a>\n\t\t\t\t\t\t\t\t\t\t\t<\/h2>\n\t\t\t\t\n\t\t\t\t\t<p class=\"post-meta\"><span class=\"published\">mar 19, 2026<\/span> | <a href=\"https:\/\/ddwit.com\/pl\/category\/wydarzenia\/\" rel=\"tag\">Wydarzenia<\/a><\/p><div class=\"post-content\"><div class=\"post-content-inner\"><p>Relacja z naszego pierwszego wydarzenia. To by\u0142 wyj\u0105tkowy...<\/p>\n<\/div><a href=\"https:\/\/ddwit.com\/pl\/pierwsze-wydarzenie\/\" class=\"more-link\">read more<\/a><\/div>\t\t\t\n\t\t\t<\/article>\n\t\t\t\t<\/div>\n\t\t\t\t\t<\/div>\n\t\t\t\t\t<\/div> \n\t\t\t\t<\/div>\n\t\t\t<\/div><div class=\"et_d4_element et_pb_column_2_3 et_pb_column et_pb_column_2  et_pb_css_mix_blend_mode et-last-child et_block_column\">\n\t\t\t\t\n\t\t\t\t\n\t\t\t\t\n\t\t\t\t\n\t\t\t\t<div class=\"et_pb_with_border et_pb_module et_d4_element et_pb_blog_1  et_pb_css_mix_blend_mode et_pb_blog_grid_wrapper et_pb_bg_layout_light\">\n\t\t\t\t\t<div class=\"et_pb_blog_grid clearfix \">\n\t\t\t\t\t\n\t\t\t\t\t\n\t\t\t\t\t\n\t\t\t\t\t\n\t\t\t\t\t<div class=\"et_pb_ajax_pagination_container\">\n\t\t\t\t\t\t<div class=\"et_pb_salvattore_content\" data-columns>\n\t\t\t<article id=\"post-140\" class=\"et_pb_post clearfix et_pb_no_thumb et_pb_blog_item_1_0 post-140 post type-post status-publish format-standard hentry category-tajne\">\n\n\t\t\t\t\n\t\t\t\t\t\t\t\t\t\t\t\t\t\t<h2 class=\"entry-title\">\n\t\t\t\t\t\t\t\t\t\t\t\t\t<a href=\"https:\/\/ddwit.com\/pl\/tajne-notatki-spotkanie\/\">Notatki ze spotkania zarz\u0105du \u2014 poufne<\/a>\n\t\t\t\t\t\t\t\t\t\t\t<\/h2>\n\t\t\t\t\n\t\t\t\t\t<p class=\"post-meta\"><span class=\"published\">mar 19, 2026<\/span> | <a href=\"https:\/\/ddwit.com\/pl\/category\/tajne\/\" rel=\"tag\">Tajne<\/a><\/p><div class=\"post-content\"><div class=\"post-content-inner\"><p>Protok\u00f3\u0142 spotkania zarz\u0105duTo jest przyk\u0142adowy post tajny \u2014 jego tre\u015b\u0107 jest widoczna tylko po podaniu kodu PIN.Tutaj mog\u0105 znale\u017a\u0107 si\u0119 poufne materia\u0142y, protoko\u0142y, wewn\u0119trzne dokumenty.Nast\u0119pne spotkanie: [data do uzupe\u0142nienia]<\/p>\n<\/div><a href=\"https:\/\/ddwit.com\/pl\/tajne-notatki-spotkanie\/\" class=\"more-link\">read more<\/a><\/div>\t\t\t\n\t\t\t<\/article>\n\t\t\t\t<\/div><div><div class=\"pagination clearfix\">\n\t<div class=\"alignleft\"><a href=\"https:\/\/ddwit.com\/pl\/wp-json\/wp\/v2\/pages\/93\/page\/2\/?et_blog\" >&laquo; Starsze wpisy<\/a><\/div>\n\t<div class=\"alignright\"><\/div>\n<\/div><\/div><\/div>\n\t\t\t\t\t<\/div>\n\t\t\t\t\t \n\t\t\t\t<\/div>\n\t\t\t<\/div>\n\t\t\t\t\n\t\t\t\t\n\t\t\t\t\n\t\t\t\t\n\t\t\t<\/div>\n\t\t\t\t\n\t\t\t\t\n\t\t\t<\/div><div class=\"et_d4_element et_pb_section et_pb_section_1 et_pb_with_background  et_pb_css_mix_blend_mode et_section_regular et_block_section\" >\n\t\t\t\t\n\t\t\t\t\n\t\t\t\t\n\t\t\t\t\n\t\t\t\t\n\t\t\t\t\n\t\t\t\t\n\t\t\t\t\n\t\t\t\t\n\t\t\t<\/div><\/p>\n","protected":false},"excerpt":{"rendered":"","protected":false},"author":1,"featured_media":0,"parent":0,"menu_order":0,"comment_status":"closed","ping_status":"closed","template":"","meta":{"_et_pb_use_builder":"on","_et_pb_old_content":"","_et_gb_content_width":"","footnotes":""},"class_list":["post-93","page","type-page","status-publish","hentry"],"_links":{"self":[{"href":"https:\/\/ddwit.com\/pl\/wp-json\/wp\/v2\/pages\/93","targetHints":{"allow":["GET"]}}],"collection":[{"href":"https:\/\/ddwit.com\/pl\/wp-json\/wp\/v2\/pages"}],"about":[{"href":"https:\/\/ddwit.com\/pl\/wp-json\/wp\/v2\/types\/page"}],"author":[{"embeddable":true,"href":"https:\/\/ddwit.com\/pl\/wp-json\/wp\/v2\/users\/1"}],"replies":[{"embeddable":true,"href":"https:\/\/ddwit.com\/pl\/wp-json\/wp\/v2\/comments?post=93"}],"version-history":[{"count":3,"href":"https:\/\/ddwit.com\/pl\/wp-json\/wp\/v2\/pages\/93\/revisions"}],"predecessor-version":[{"id":108,"href":"https:\/\/ddwit.com\/pl\/wp-json\/wp\/v2\/pages\/93\/revisions\/108"}],"wp:attachment":[{"href":"https:\/\/ddwit.com\/pl\/wp-json\/wp\/v2\/media?parent=93"}],"curies":[{"name":"wp","href":"https:\/\/api.w.org\/{rel}","templated":true}]}}